{"id":4847,"date":"2018-08-03T08:41:52","date_gmt":"2018-08-03T08:41:52","guid":{"rendered":"https:\/\/qeen-bio.com\/patient-access\/"},"modified":"2024-08-15T04:46:54","modified_gmt":"2024-08-15T04:46:54","slug":"acces-des-patients","status":"publish","type":"page","link":"https:\/\/qeen-bio.com\/fr\/acces-des-patients\/","title":{"rendered":"Acc\u00e8s des patients \u00e0 la th\u00e9rapie"},"content":{"rendered":"\t\t<div data-elementor-type=\"wp-page\" data-elementor-id=\"4847\" class=\"elementor elementor-4847 elementor-105\" data-elementor-post-type=\"page\">\n\t\t\t\t\t\t<section class=\"elementor-section elementor-top-section elementor-element elementor-element-4d570529 elementor-section-stretched ts-col-stretched-none ts-bg-color-over-image elementor-section-boxed elementor-section-height-default elementor-section-height-default\" data-id=\"4d570529\" data-element_type=\"section\" data-e-type=\"section\" data-settings=\"{&quot;stretch_section&quot;:&quot;section-stretched&quot;}\">\n\t\t\t\t\t\t<div class=\"elementor-container elementor-column-gap-no\">\n\t\t\t\t\t<div class=\"elementor-column elementor-col-100 elementor-top-column elementor-element elementor-element-7721200f ts-bg-color-over-image\" data-id=\"7721200f\" data-element_type=\"column\" data-e-type=\"column\">\n\t\t\t<div class=\"elementor-widget-wrap elementor-element-populated\">\n\t\t\t\t\t\t<div class=\"elementor-element elementor-element-2c5104e elementor-widget elementor-widget-text-editor\" data-id=\"2c5104e\" data-element_type=\"widget\" data-e-type=\"widget\" data-widget_type=\"text-editor.default\">\n\t\t\t\t<div class=\"elementor-widget-container\">\n\t\t\t\t\t\t\t\t\t<p>Si vous \u00eates un patient souffrant d&rsquo;une infection bact\u00e9rienne grave ou potentiellement mortelle sans options de traitement disponibles, vous pourriez \u00eatre \u00e9ligible \u00e0 un traitement par th\u00e9rapie phagique dans le cadre d&rsquo;un acc\u00e8s \u00e9largi.<\/p><p>Les bact\u00e9riophages sont un produit exp\u00e9rimental et n&rsquo;ont pas encore \u00e9t\u00e9 approuv\u00e9s ou \u00e9valu\u00e9s pour leur s\u00e9curit\u00e9 ou leur efficacit\u00e9 par Sant\u00e9 Canada ou la FDA. Des informations suppl\u00e9mentaires sont disponibles sur le <a href=\"https:\/\/www.fda.gov\/news-events\/public-health-focus\/expanded-access\" target=\"_blank\" rel=\"noopener\">site Web<\/a> de la FDA.<\/p>\t\t\t\t\t\t\t\t<\/div>\n\t\t\t\t<\/div>\n\t\t\t\t\t<\/div>\n\t\t<\/div>\n\t\t\t\t\t<\/div>\n\t\t<\/section>\n\t\t\t\t<section class=\"elementor-section elementor-top-section elementor-element elementor-element-5a616e28 elementor-section-stretched ts-col-stretched-none ts-bg-color-over-image elementor-section-boxed elementor-section-height-default elementor-section-height-default\" data-id=\"5a616e28\" data-element_type=\"section\" data-e-type=\"section\" data-settings=\"{&quot;stretch_section&quot;:&quot;section-stretched&quot;}\">\n\t\t\t\t\t\t<div class=\"elementor-container elementor-column-gap-default\">\n\t\t\t\t\t<div class=\"elementor-column elementor-col-50 elementor-top-column elementor-element elementor-element-5645e2ad ts-bg-color-over-image\" data-id=\"5645e2ad\" data-element_type=\"column\" data-e-type=\"column\">\n\t\t\t<div class=\"elementor-widget-wrap elementor-element-populated\">\n\t\t\t\t\t\t<div class=\"elementor-element elementor-element-4fb5ffc2 ts-align-left elementor-widget elementor-widget-ts_heading\" data-id=\"4fb5ffc2\" data-element_type=\"widget\" data-e-type=\"widget\" data-widget_type=\"ts_heading.default\">\n\t\t\t\t<div class=\"elementor-widget-container\">\n\t\t\t\t\t\t<div class=\"ts-heading-subheading  animation-style4\"><h2 class=\"ts-custom-heading ts-custom-heading-title\">\r\n\t\t\t\r\n\t\t\t\tACC\u00c8S AUX TRAITEMENTS\r\n\t\t\t\r\n\t\t\t<\/h2>\r\n\t\t<div class=\"ts-heading-desc\">Pour plus d'informations sur la capacit\u00e9 de Qeen \u00e0 fournir et\/ou fabriquer des bact\u00e9riophages, veuillez remplir le formulaire suivant.<\/div><\/div>\t\t\t\t<\/div>\n\t\t\t\t<\/div>\n\t\t\t\t\t<\/div>\n\t\t<\/div>\n\t\t\t\t<div class=\"elementor-column elementor-col-50 elementor-top-column elementor-element elementor-element-78c02227 ts-bg-color-over-image\" data-id=\"78c02227\" data-element_type=\"column\" data-e-type=\"column\">\n\t\t\t<div class=\"elementor-widget-wrap\">\n\t\t\t\t\t\t\t<\/div>\n\t\t<\/div>\n\t\t\t\t\t<\/div>\n\t\t<\/section>\n\t\t\t\t<section class=\"elementor-section elementor-top-section elementor-element elementor-element-2b096363 elementor-section-stretched ts-col-stretched-none ts-bg-color-over-image elementor-section-boxed elementor-section-height-default elementor-section-height-default\" data-id=\"2b096363\" data-element_type=\"section\" data-e-type=\"section\" data-settings=\"{&quot;stretch_section&quot;:&quot;section-stretched&quot;,&quot;background_background&quot;:&quot;classic&quot;}\">\n\t\t\t\t\t\t<div class=\"elementor-container elementor-column-gap-no\">\n\t\t\t\t\t<div class=\"elementor-column elementor-col-50 elementor-top-column elementor-element elementor-element-6f67a204 ts-bg-color-over-image\" data-id=\"6f67a204\" data-element_type=\"column\" data-e-type=\"column\">\n\t\t\t<div class=\"elementor-widget-wrap\">\n\t\t\t\t\t\t\t<\/div>\n\t\t<\/div>\n\t\t\t\t<div class=\"elementor-column elementor-col-50 elementor-top-column elementor-element elementor-element-27bee135 ts-bg-color-yes ts-bgcolor-skincolor ts-bg-color-over-image\" data-id=\"27bee135\" data-element_type=\"column\" data-e-type=\"column\" data-settings=\"{&quot;background_background&quot;:&quot;classic&quot;}\">\n\t\t\t<div class=\"elementor-widget-wrap elementor-element-populated\">\n\t\t\t\t\t\t<div class=\"elementor-element elementor-element-be4a0ff elementor-widget elementor-widget-heading\" data-id=\"be4a0ff\" data-element_type=\"widget\" data-e-type=\"widget\" data-widget_type=\"heading.default\">\n\t\t\t\t<div class=\"elementor-widget-container\">\n\t\t\t\t\t<h3 class=\"elementor-heading-title elementor-size-default\">FORMULAIRE<\/h3>\t\t\t\t<\/div>\n\t\t\t\t<\/div>\n\t\t\t\t<div class=\"elementor-element elementor-element-3d748773 elementor-widget elementor-widget-shortcode\" data-id=\"3d748773\" data-element_type=\"widget\" data-e-type=\"widget\" data-widget_type=\"shortcode.default\">\n\t\t\t\t<div class=\"elementor-widget-container\">\n\t\t\t\t\t\t\t<div class=\"elementor-shortcode\">\n<div class=\"wpcf7 no-js\" id=\"wpcf7-f4852-o1\" lang=\"fr-FR\" dir=\"ltr\" data-wpcf7-id=\"4852\">\n<div class=\"screen-reader-response\"><p role=\"status\" aria-live=\"polite\" aria-atomic=\"true\"><\/p> <ul><\/ul><\/div>\n<form action=\"\/fr\/wp-json\/wp\/v2\/pages\/4847#wpcf7-f4852-o1\" method=\"post\" class=\"wpcf7-form init\" aria-label=\"Formulaire de contact\" novalidate=\"novalidate\" data-status=\"init\">\n<fieldset class=\"hidden-fields-container\"><input type=\"hidden\" name=\"_wpcf7\" value=\"4852\" \/><input type=\"hidden\" name=\"_wpcf7_version\" value=\"6.1.5\" \/><input type=\"hidden\" name=\"_wpcf7_locale\" value=\"fr_FR\" \/><input type=\"hidden\" name=\"_wpcf7_unit_tag\" value=\"wpcf7-f4852-o1\" \/><input type=\"hidden\" name=\"_wpcf7_container_post\" value=\"0\" \/><input type=\"hidden\" name=\"_wpcf7_posted_data_hash\" value=\"\" \/><input type=\"hidden\" name=\"_wpcf7_recaptcha_response\" value=\"\" \/>\n<\/fieldset>\n<style>\n.wpcf7 input[type=\"submit\"] {\n background-color: #041c6c !important;\n color: white !important;\n}\n\n.wpcf7 input[type=\"submit\"]:hover {\n background-color: #041c6c !important;\n opacity: 0.9;\n}\n<\/style>\n<div class=\"qodef-main-form qodef-layout--columns\">\n <!-- Two columns for Full Name and Email -->\n\t<div class=\"qodef-cf7-columns\" style=\"display: flex; flex-wrap: wrap; gap: 20px;\">\n\t\t<div class=\"qodef-input-holder\" style=\"flex: 1;\">\n\t\t\t<p><span class=\"wpcf7-form-control-wrap\" data-name=\"your-fullname\"><input size=\"40\" maxlength=\"400\" class=\"wpcf7-form-control wpcf7-text wpcf7-validates-as-required\" aria-required=\"true\" aria-invalid=\"false\" placeholder=\"Nom complet *\" value=\"\" type=\"text\" name=\"your-fullname\" \/><\/span>\n\t\t\t<\/p>\n\t\t<\/div>\n\t\t<div class=\"qodef-input-holder\" style=\"flex: 1;\">\n\t\t\t<p><span class=\"wpcf7-form-control-wrap\" data-name=\"your-email\"><input size=\"40\" maxlength=\"400\" class=\"wpcf7-form-control wpcf7-email wpcf7-validates-as-required wpcf7-text wpcf7-validates-as-email\" aria-required=\"true\" aria-invalid=\"false\" placeholder=\"Courriel *\" value=\"\" type=\"email\" name=\"your-email\" \/><\/span>\n\t\t\t<\/p>\n\t\t<\/div>\n\t<\/div>\n <!-- Two columns for Current Diagnostic and Hospital Name -->\n\t<div class=\"qodef-cf7-columns\" style=\"display: flex; flex-wrap: wrap; gap: 20px;\">\n\t\t<div class=\"qodef-input-holder\" style=\"flex: 1;\">\n\t\t\t<p><span class=\"wpcf7-form-control-wrap\" data-name=\"your-diagnostic\"><input size=\"40\" maxlength=\"400\" class=\"wpcf7-form-control wpcf7-text wpcf7-validates-as-required\" aria-required=\"true\" aria-invalid=\"false\" placeholder=\"Diagnostic actuel *\" value=\"\" type=\"text\" name=\"your-diagnostic\" \/><\/span>\n\t\t\t<\/p>\n\t\t<\/div>\n\t\t<div class=\"qodef-input-holder\" style=\"flex: 1;\">\n\t\t\t<p><span class=\"wpcf7-form-control-wrap\" data-name=\"your-hospital\"><input size=\"40\" maxlength=\"400\" class=\"wpcf7-form-control wpcf7-text\" aria-invalid=\"false\" placeholder=\"Nom de l&#039;h\u00f4pital\" value=\"\" type=\"text\" name=\"your-hospital\" \/><\/span>\n\t\t\t<\/p>\n\t\t<\/div>\n\t<\/div>\n <!-- Two columns for City and Country -->\n\t<div class=\"qodef-cf7-columns\" style=\"display: flex; flex-wrap: wrap; gap: 20px;\">\n\t\t<div class=\"qodef-input-holder\" style=\"flex: 1;\">\n\t\t\t<p><span class=\"wpcf7-form-control-wrap\" data-name=\"your-city\"><input size=\"40\" maxlength=\"400\" class=\"wpcf7-form-control wpcf7-text\" aria-invalid=\"false\" placeholder=\"Ville\" value=\"\" type=\"text\" name=\"your-city\" \/><\/span>\n\t\t\t<\/p>\n\t\t<\/div>\n\t\t<div class=\"qodef-input-holder\" style=\"flex: 1;\">\n\t\t\t<p><span class=\"wpcf7-form-control-wrap\" data-name=\"your-country\"><input size=\"40\" maxlength=\"400\" class=\"wpcf7-form-control wpcf7-text wpcf7-validates-as-required\" aria-required=\"true\" aria-invalid=\"false\" placeholder=\"Pays *\" value=\"\" type=\"text\" name=\"your-country\" \/><\/span>\n\t\t\t<\/p>\n\t\t<\/div>\n\t<\/div>\n <!-- Full width column for Message -->\n\t<div class=\"qodef-input-holder\" style=\"width: 100%;\">\n\t\t<p><span class=\"wpcf7-form-control-wrap\" data-name=\"your-message\"><textarea cols=\"40\" rows=\"5\" maxlength=\"2000\" class=\"wpcf7-form-control wpcf7-textarea wpcf7-validates-as-required\" aria-required=\"true\" aria-invalid=\"false\" placeholder=\"Message *\" name=\"your-message\"><\/textarea><\/span>\n\t\t<\/p>\n\t<\/div>\n <!-- Submit Button -->\n\t<p><input class=\"wpcf7-form-control wpcf7-submit has-spinner\" type=\"submit\" value=\"Soumettre\" \/>\n\t<\/p>\n<\/div><p style=\"display: none !important;\" class=\"akismet-fields-container\" data-prefix=\"_wpcf7_ak_\"><label>&#916;<textarea name=\"_wpcf7_ak_hp_textarea\" cols=\"45\" rows=\"8\" maxlength=\"100\"><\/textarea><\/label><input type=\"hidden\" id=\"ak_js_1\" name=\"_wpcf7_ak_js\" value=\"12\"\/><script type=\"text\/javascript\">\n\/* <![CDATA[ *\/\ndocument.getElementById( \"ak_js_1\" ).setAttribute( \"value\", ( new Date() ).getTime() );\n\/* ]]> *\/\n<\/script>\n<\/p><div class=\"wpcf7-response-output\" aria-hidden=\"true\"><\/div>\n<\/form>\n<\/div>\n<\/div>\n\t\t\t\t\t\t<\/div>\n\t\t\t\t<\/div>\n\t\t\t\t\t<\/div>\n\t\t<\/div>\n\t\t\t\t\t<\/div>\n\t\t<\/section>\n\t\t\t\t<\/div>\n\t\t","protected":false},"excerpt":{"rendered":"<p>Si vous \u00eates un patient souffrant d&rsquo;une infection bact\u00e9rienne grave ou potentiellement mortelle sans options de traitement disponibles, vous pourriez \u00eatre \u00e9ligible \u00e0 un traitement par th\u00e9rapie phagique dans le cadre d&rsquo;un acc\u00e8s \u00e9largi. Les bact\u00e9riophages sont un produit exp\u00e9rimental et n&rsquo;ont pas encore \u00e9t\u00e9 approuv\u00e9s ou \u00e9valu\u00e9s pour leur s\u00e9curit\u00e9 ou leur efficacit\u00e9 par &hellip; <a href=\"https:\/\/qeen-bio.com\/fr\/acces-des-patients\/\" class=\"more-link\" title=\"Continue reading <span class=\"screen-reader-text\">Acc\u00e8s des patients \u00e0 la th\u00e9rapie<\/span>\u00ab\u00a0>Continue reading <span class=\"screen-reader-text\">Acc\u00e8s des patients \u00e0 la th\u00e9rapie<\/span><\/a><\/p>\n","protected":false},"author":1,"featured_media":0,"parent":0,"menu_order":16,"comment_status":"closed","ping_status":"closed","template":"","meta":{"footnotes":""},"class_list":["post-4847","page","type-page","status-publish","hentry"],"yoast_head":"<!-- This site is optimized with the Yoast SEO plugin v27.5 - https:\/\/yoast.com\/product\/yoast-seo-wordpress\/ -->\n<title>Acc\u00e8s des patients \u00e0 la th\u00e9rapie | Qeen Biotechnologies<\/title>\n<meta name=\"description\" content=\"D\u00e9couvrez comment acc\u00e9der \u00e0 la th\u00e9rapie phagique exp\u00e9rimentale pour les infections bact\u00e9riennes graves. Qeen Biotechnologies propose un acc\u00e8s \u00e9largi pour les patients \u00e9ligibles.\" \/>\n<meta name=\"robots\" content=\"index, follow, max-snippet:-1, max-image-preview:large, max-video-preview:-1\" \/>\n<link rel=\"canonical\" href=\"https:\/\/qeen-bio.com\/fr\/acces-des-patients\/\" \/>\n<meta property=\"og:locale\" content=\"fr_FR\" \/>\n<meta property=\"og:type\" content=\"article\" \/>\n<meta property=\"og:title\" content=\"Acc\u00e8s des patients \u00e0 la th\u00e9rapie | Qeen Biotechnologies\" \/>\n<meta property=\"og:description\" content=\"D\u00e9couvrez comment acc\u00e9der \u00e0 la th\u00e9rapie phagique exp\u00e9rimentale pour les infections bact\u00e9riennes graves. Qeen Biotechnologies propose un acc\u00e8s \u00e9largi pour les patients \u00e9ligibles.\" \/>\n<meta property=\"og:url\" content=\"https:\/\/qeen-bio.com\/fr\/acces-des-patients\/\" \/>\n<meta property=\"og:site_name\" content=\"Qeen Biotechnologies\" \/>\n<meta property=\"article:modified_time\" content=\"2024-08-15T04:46:54+00:00\" \/>\n<meta name=\"twitter:card\" content=\"summary_large_image\" \/>\n<meta name=\"twitter:label1\" content=\"Dur\u00e9e de lecture estim\u00e9e\" \/>\n\t<meta name=\"twitter:data1\" content=\"1 minute\" \/>\n<script type=\"application\/ld+json\" class=\"yoast-schema-graph\">{\"@context\":\"https:\\\/\\\/schema.org\",\"@graph\":[{\"@type\":\"WebPage\",\"@id\":\"https:\\\/\\\/qeen-bio.com\\\/fr\\\/acces-des-patients\\\/\",\"url\":\"https:\\\/\\\/qeen-bio.com\\\/fr\\\/acces-des-patients\\\/\",\"name\":\"Acc\u00e8s des patients \u00e0 la th\u00e9rapie | Qeen Biotechnologies\",\"isPartOf\":{\"@id\":\"https:\\\/\\\/qeen-bio.com\\\/fr\\\/#website\"},\"datePublished\":\"2018-08-03T08:41:52+00:00\",\"dateModified\":\"2024-08-15T04:46:54+00:00\",\"description\":\"D\u00e9couvrez comment acc\u00e9der \u00e0 la th\u00e9rapie phagique exp\u00e9rimentale pour les infections bact\u00e9riennes graves. Qeen Biotechnologies propose un acc\u00e8s \u00e9largi pour les patients \u00e9ligibles.\",\"breadcrumb\":{\"@id\":\"https:\\\/\\\/qeen-bio.com\\\/fr\\\/acces-des-patients\\\/#breadcrumb\"},\"inLanguage\":\"fr-FR\",\"potentialAction\":[{\"@type\":\"ReadAction\",\"target\":[\"https:\\\/\\\/qeen-bio.com\\\/fr\\\/acces-des-patients\\\/\"]}]},{\"@type\":\"BreadcrumbList\",\"@id\":\"https:\\\/\\\/qeen-bio.com\\\/fr\\\/acces-des-patients\\\/#breadcrumb\",\"itemListElement\":[{\"@type\":\"ListItem\",\"position\":1,\"name\":\"Home\",\"item\":\"https:\\\/\\\/qeen-bio.com\\\/fr\\\/\"},{\"@type\":\"ListItem\",\"position\":2,\"name\":\"Acc\u00e8s des patients \u00e0 la th\u00e9rapie\"}]},{\"@type\":\"WebSite\",\"@id\":\"https:\\\/\\\/qeen-bio.com\\\/fr\\\/#website\",\"url\":\"https:\\\/\\\/qeen-bio.com\\\/fr\\\/\",\"name\":\"Qeen BioTherapeutics\",\"description\":\"\",\"potentialAction\":[{\"@type\":\"SearchAction\",\"target\":{\"@type\":\"EntryPoint\",\"urlTemplate\":\"https:\\\/\\\/qeen-bio.com\\\/fr\\\/?s={search_term_string}\"},\"query-input\":{\"@type\":\"PropertyValueSpecification\",\"valueRequired\":true,\"valueName\":\"search_term_string\"}}],\"inLanguage\":\"fr-FR\"}]}<\/script>\n<!-- \/ Yoast SEO plugin. -->","yoast_head_json":{"title":"Acc\u00e8s des patients \u00e0 la th\u00e9rapie | Qeen Biotechnologies","description":"D\u00e9couvrez comment acc\u00e9der \u00e0 la th\u00e9rapie phagique exp\u00e9rimentale pour les infections bact\u00e9riennes graves. Qeen Biotechnologies propose un acc\u00e8s \u00e9largi pour les patients \u00e9ligibles.","robots":{"index":"index","follow":"follow","max-snippet":"max-snippet:-1","max-image-preview":"max-image-preview:large","max-video-preview":"max-video-preview:-1"},"canonical":"https:\/\/qeen-bio.com\/fr\/acces-des-patients\/","og_locale":"fr_FR","og_type":"article","og_title":"Acc\u00e8s des patients \u00e0 la th\u00e9rapie | Qeen Biotechnologies","og_description":"D\u00e9couvrez comment acc\u00e9der \u00e0 la th\u00e9rapie phagique exp\u00e9rimentale pour les infections bact\u00e9riennes graves. Qeen Biotechnologies propose un acc\u00e8s \u00e9largi pour les patients \u00e9ligibles.","og_url":"https:\/\/qeen-bio.com\/fr\/acces-des-patients\/","og_site_name":"Qeen Biotechnologies","article_modified_time":"2024-08-15T04:46:54+00:00","twitter_card":"summary_large_image","twitter_misc":{"Dur\u00e9e de lecture estim\u00e9e":"1 minute"},"schema":{"@context":"https:\/\/schema.org","@graph":[{"@type":"WebPage","@id":"https:\/\/qeen-bio.com\/fr\/acces-des-patients\/","url":"https:\/\/qeen-bio.com\/fr\/acces-des-patients\/","name":"Acc\u00e8s des patients \u00e0 la th\u00e9rapie | Qeen Biotechnologies","isPartOf":{"@id":"https:\/\/qeen-bio.com\/fr\/#website"},"datePublished":"2018-08-03T08:41:52+00:00","dateModified":"2024-08-15T04:46:54+00:00","description":"D\u00e9couvrez comment acc\u00e9der \u00e0 la th\u00e9rapie phagique exp\u00e9rimentale pour les infections bact\u00e9riennes graves. Qeen Biotechnologies propose un acc\u00e8s \u00e9largi pour les patients \u00e9ligibles.","breadcrumb":{"@id":"https:\/\/qeen-bio.com\/fr\/acces-des-patients\/#breadcrumb"},"inLanguage":"fr-FR","potentialAction":[{"@type":"ReadAction","target":["https:\/\/qeen-bio.com\/fr\/acces-des-patients\/"]}]},{"@type":"BreadcrumbList","@id":"https:\/\/qeen-bio.com\/fr\/acces-des-patients\/#breadcrumb","itemListElement":[{"@type":"ListItem","position":1,"name":"Home","item":"https:\/\/qeen-bio.com\/fr\/"},{"@type":"ListItem","position":2,"name":"Acc\u00e8s des patients \u00e0 la th\u00e9rapie"}]},{"@type":"WebSite","@id":"https:\/\/qeen-bio.com\/fr\/#website","url":"https:\/\/qeen-bio.com\/fr\/","name":"Qeen BioTherapeutics","description":"","potentialAction":[{"@type":"SearchAction","target":{"@type":"EntryPoint","urlTemplate":"https:\/\/qeen-bio.com\/fr\/?s={search_term_string}"},"query-input":{"@type":"PropertyValueSpecification","valueRequired":true,"valueName":"search_term_string"}}],"inLanguage":"fr-FR"}]}},"_links":{"self":[{"href":"https:\/\/qeen-bio.com\/fr\/wp-json\/wp\/v2\/pages\/4847","targetHints":{"allow":["GET"]}}],"collection":[{"href":"https:\/\/qeen-bio.com\/fr\/wp-json\/wp\/v2\/pages"}],"about":[{"href":"https:\/\/qeen-bio.com\/fr\/wp-json\/wp\/v2\/types\/page"}],"author":[{"embeddable":true,"href":"https:\/\/qeen-bio.com\/fr\/wp-json\/wp\/v2\/users\/1"}],"replies":[{"embeddable":true,"href":"https:\/\/qeen-bio.com\/fr\/wp-json\/wp\/v2\/comments?post=4847"}],"version-history":[{"count":4,"href":"https:\/\/qeen-bio.com\/fr\/wp-json\/wp\/v2\/pages\/4847\/revisions"}],"predecessor-version":[{"id":4851,"href":"https:\/\/qeen-bio.com\/fr\/wp-json\/wp\/v2\/pages\/4847\/revisions\/4851"}],"wp:attachment":[{"href":"https:\/\/qeen-bio.com\/fr\/wp-json\/wp\/v2\/media?parent=4847"}],"curies":[{"name":"wp","href":"https:\/\/api.w.org\/{rel}","templated":true}]}}